{"id":9,"date":"2026-03-12T10:23:55","date_gmt":"2026-03-12T07:23:55","guid":{"rendered":"http:\/\/www.zerafkuyumculuk.com\/?page_id=9"},"modified":"2026-03-12T10:39:46","modified_gmt":"2026-03-12T07:39:46","slug":"coming-soon","status":"publish","type":"page","link":"https:\/\/www.zerafkuyumculuk.com\/","title":{"rendered":"Coming Soon"},"content":{"rendered":"<div class=\"vce-row-container\" data-vce-boxed-width=\"true\"><div class=\"vce-row vce-element--has-background vce-row--col-gap-30 vce-row-equal-height vce-row-content--middle\" id=\"el-879fe1a1\" data-vce-do-apply=\"all el-879fe1a1\"><div class=\"vce-content-background-container\"><\/div><div class=\"vce-row-content\" data-vce-element-content=\"true\"><div class=\"vce-col vce-col--md-auto vce-col--xs-1 vce-col--xs-last vce-col--xs-first vce-col--sm-last vce-col--sm-first vce-col--md-first vce-col--lg-first vce-col--xl-first\" id=\"el-81a3ad11\"><div class=\"vce-col-inner\" data-vce-do-apply=\"border margin background  el-81a3ad11\"><div class=\"vce-col-content\" data-vce-element-content=\"true\" data-vce-do-apply=\"padding el-81a3ad11\"><div class=\"vce-single-image-container vce-single-image--align-center\"><div class=\"vce vce-single-image-wrapper\" id=\"el-999b2240\" data-vce-do-apply=\"all el-999b2240\"><figure><div class=\"vce-single-image-figure-inner\" style=\"width: 682px;\"><div class=\"vce-single-image-inner vce-single-image--absolute\" style=\"width: 100%; padding-bottom: 150.147%;\"><img loading=\"lazy\" decoding=\"async\" class=\"vce-single-image\"  width=\"682\" height=\"1024\" srcset=\"https:\/\/www.zerafkuyumculuk.com\/wp-content\/uploads\/2026\/03\/zeraf-coming-soon-320x480.png 320w, https:\/\/www.zerafkuyumculuk.com\/wp-content\/uploads\/2026\/03\/zeraf-coming-soon-480x720.png 480w, https:\/\/www.zerafkuyumculuk.com\/wp-content\/uploads\/2026\/03\/zeraf-coming-soon-800x1200.png 800w, https:\/\/www.zerafkuyumculuk.com\/wp-content\/uploads\/2026\/03\/zeraf-coming-soon-682x1024.png 682w\" src=\"https:\/\/www.zerafkuyumculuk.com\/wp-content\/uploads\/2026\/03\/zeraf-coming-soon-682x1024.png\" data-img-src=\"https:\/\/www.zerafkuyumculuk.com\/wp-content\/uploads\/2026\/03\/zeraf-coming-soon.png\" data-attachment-id=\"15\"  alt=\"\" title=\"zeraf-coming-soon\" \/><\/div><\/div><figcaption hidden=\"\"><\/figcaption><\/figure><\/div><\/div><\/div><\/div><\/div><div class=\"vce-col vce-col--md-auto vce-col--xs-1 vce-col--xs-last vce-col--xs-first vce-col--sm-last vce-col--sm-first vce-col--md-last vce-col--lg-last vce-col--xl-last\" id=\"el-55e76f4c\"><div class=\"vce-col-inner\" data-vce-do-apply=\"border margin background  el-55e76f4c\"><div class=\"vce-col-content\" data-vce-element-content=\"true\" data-vce-do-apply=\"padding el-55e76f4c\"><div class=\"vce-text-block\"><div class=\"vce-text-block-wrapper vce\" id=\"el-dd1ce0d0\" data-vce-do-apply=\"all el-dd1ce0d0\"><h2>Ma\u011fazam\u0131zda hizmet almak isterseniz;<\/h2>\n<p>A\u015fa\u011f\u0131dan yol tarifi alabilir ya da whatsapp hatt\u0131m\u0131zdan ileti\u015fime ge\u00e7ebilirsiniz.<\/p><\/div><\/div><div class=\"vce-google-maps vce-google-maps--align-left\"><div class=\"vce-google-maps-wrapper vce vce-google-maps-proportional\" id=\"el-e6119b65\" data-vce-do-apply=\"all el-e6119b65\" style=\"width: 600px; height: auto;\"><div class=\"vce-google-maps-inner\" style=\"padding-bottom: 75%;\"><iframe src=\"https:\/\/www.google.com\/maps\/embed?pb=!1m18!1m12!1m3!1d6021.9953488133615!2d28.805831893579093!3d41.0034241!2m3!1f0!2f0!3f0!3m2!1i1024!2i768!4f13.1!3m3!1m2!1s0x14caa523133851f1%3A0x1a473809851179fd!2sZeraf%20Kuyumculuk!5e0!3m2!1str!2str!4v1773300943322!5m2!1str!2str\" width=\"600\" height=\"450\" style=\"border: 0px; pointer-events: none;\" allowfullscreen=\"\" loading=\"lazy\" referrerpolicy=\"no-referrer-when-downgrade\"><\/iframe><\/div><\/div><\/div><\/div><\/div><\/div><\/div><\/div><\/div>\n","protected":false},"excerpt":{"rendered":"<p>Ma\u011fazam\u0131zda hizmet almak isterseniz; A\u015fa\u011f\u0131dan yol tarifi alabilir ya da whatsapp hatt\u0131m\u0131zdan ileti\u015fime ge\u00e7ebilirsiniz.<\/p>\n","protected":false},"author":1,"featured_media":0,"parent":0,"menu_order":0,"comment_status":"closed","ping_status":"closed","template":"","meta":{"neve_meta_sidebar":"","neve_meta_container":"","neve_meta_enable_content_width":"","neve_meta_content_width":0,"neve_meta_title_alignment":"","neve_meta_author_avatar":"","neve_post_elements_order":"","neve_meta_disable_header":"on","neve_meta_disable_footer":"on","neve_meta_disable_title":"on","footnotes":""},"class_list":["post-9","page","type-page","status-publish","hentry"],"_links":{"self":[{"href":"https:\/\/www.zerafkuyumculuk.com\/index.php\/wp-json\/wp\/v2\/pages\/9","targetHints":{"allow":["GET"]}}],"collection":[{"href":"https:\/\/www.zerafkuyumculuk.com\/index.php\/wp-json\/wp\/v2\/pages"}],"about":[{"href":"https:\/\/www.zerafkuyumculuk.com\/index.php\/wp-json\/wp\/v2\/types\/page"}],"author":[{"embeddable":true,"href":"https:\/\/www.zerafkuyumculuk.com\/index.php\/wp-json\/wp\/v2\/users\/1"}],"replies":[{"embeddable":true,"href":"https:\/\/www.zerafkuyumculuk.com\/index.php\/wp-json\/wp\/v2\/comments?post=9"}],"version-history":[{"count":2,"href":"https:\/\/www.zerafkuyumculuk.com\/index.php\/wp-json\/wp\/v2\/pages\/9\/revisions"}],"predecessor-version":[{"id":16,"href":"https:\/\/www.zerafkuyumculuk.com\/index.php\/wp-json\/wp\/v2\/pages\/9\/revisions\/16"}],"wp:attachment":[{"href":"https:\/\/www.zerafkuyumculuk.com\/index.php\/wp-json\/wp\/v2\/media?parent=9"}],"curies":[{"name":"wp","href":"https:\/\/api.w.org\/{rel}","templated":true}]}}